{"id":6205,"date":"2025-10-09T18:00:25","date_gmt":"2025-10-09T15:00:25","guid":{"rendered":"https:\/\/santoshunto.com\/product\/rankogaliai-juoda-balta-juostele\/"},"modified":"2025-10-10T19:08:47","modified_gmt":"2025-10-10T16:08:47","slug":"rankogaliai-juoda-balta-juostele","status":"publish","type":"product","link":"https:\/\/santoshunto.com\/lt\/produktas\/rankogaliai-juoda-balta-juostele\/","title":{"rendered":"Rankogaliai (juoda\/balta juostel\u0117)"},"content":{"rendered":"<div style=\"font-family: 'Helvetica Neue', Arial, sans-serif; color:#111; line-height:1.65; letter-spacing:.2px;\">\n<p>  <!-- Product Story --><\/p>\n<div style=\"border-top:1px solid #e8e8e8; padding-top:18px; margin-bottom:18px;\">\n<p style=\"margin:0 0 10px; font-size:15px; text-transform:uppercase; letter-spacing:.12em; color:#666;\">\n Produkto istorija\n    <\/p>\n<p style=\"margin:0; font-size:18px;\">\n Atrodantys paprasti, \u0161ie i\u0161skirtiniai rankogaliai gali akimirksniu transformuoti aprang\u0105.<br \/>\n Dizainas subalansuoja skulpt\u016brinius raukinius su \u0161variomis u\u017esegimo linijomis, paversdamas kasdien\u012f \u012fvaizd\u012f \u012f ka\u017ek\u0105 apgalvoto ir stilingo.<br \/>\n Akcentinis k\u016brinys, sukurtas prid\u0117ti asmenyb\u0117s ir rafinuotumo, nekei\u010diant viso j\u016bs\u0173 garderobo.\n    <\/p>\n<\/p><\/div>\n<p>  <!-- Ways to wear --><\/p>\n<div style=\"margin:22px 0;\">\n<div style=\"margin-bottom:10px; font-size:15px; text-transform:uppercase; letter-spacing:.12em; color:#666;\">\n D\u0117v\u0117jimo b\u016bdai\n    <\/div>\n<ol style=\"margin:0; padding-left:18px; font-size:18px;\">\n<li style=\"margin:6px 0;\">\n Derinkite su per dideliu grafiniu mar\u0161kin\u0117liu, kad sukurtum\u0117te \u0161aun\u0173 auk\u0161to\u2013\u017eemo kontrast\u0105.\n      <\/li>\n<li style=\"margin:6px 0;\">\n Prid\u0117kite prie smulkaus ka\u0161myro megztinio ar \u0161varios mar\u0161kini\u0173 palaidin\u0117s, kad pakeltum\u0117te minimal\u0173 \u012fvaizd\u012f.\n      <\/li>\n<li style=\"margin:6px 0;\">\n Derinkite su suknel\u0117mis ar berankov\u0117mis liemen\u0117mis, kad i\u0161ry\u0161kintum\u0117te rie\u0161\u0105 ir suteiktum\u0117te strukt\u016bros.\n      <\/li>\n<\/ol><\/div>\n<p>  <!-- Styling --><\/p>\n<div style=\"margin:22px 0;\">\n<div style=\"margin-bottom:10px; font-size:15px; text-transform:uppercase; letter-spacing:.12em; color:#666;\">\n Stiliavimas\n    <\/div>\n<p style=\"margin:0; font-size:18px;\">\n Rankogaliai u\u017esegami skirtingo plo\u010dio, tod\u0117l galite juos d\u0117v\u0117ti prigludusius, kad sukurtum\u0117te a\u0161tri\u0105, architekt\u016brin\u0119 linij\u0105<br \/>\n arba \u0161iek tiek laisvesnius, kad sukurtum\u0117te \u0161velnesn\u012f, erdvesn\u012f siluet\u0105.<br \/>\n \u0160varus baltas akcentas dera su prakti\u0161kai bet kokia spalv\u0173 palete, puikiai tinka tiek minimalistiniams, tiek i\u0161rai\u0161kingiems drabu\u017eiams.\n    <\/p>\n<\/p><\/div>\n<p>  <!-- Composition --><\/p>\n<div style=\"background:#f7f7f7; padding:14px 16px; border-radius:10px; margin-top:18px;\">\n<div style=\"font-size:13px; text-transform:uppercase; letter-spacing:.12em; color:#666; margin-bottom:6px;\">\n Sud\u0117tis\n    <\/div>\n<p style=\"margin:0;\">Viskoz\u0117 80%, poliesteris 20%.<\/p>\n<\/p><\/div>\n<\/div>\n","protected":false},"excerpt":{"rendered":"<p>Produkto istorija Atrodantys paprasti, \u0161ie i\u0161skirtiniai rankogaliai gali akimirksniu transformuoti aprang\u0105. Dizainas subalansuoja skulpt\u016brinius raukinius su \u0161variomis u\u017esegimo linijomis, paversdamas kasdien\u012f \u012fvaizd\u012f \u012f ka\u017ek\u0105 apgalvoto ir stilingo. Akcentinis k\u016brinys, sukurtas prid\u0117ti asmenyb\u0117s ir rafinuotumo, nekei\u010diant viso j\u016bs\u0173 garderobo. D\u0117v\u0117jimo b\u016bdai Derinkite su per dideliu grafiniu mar\u0161kin\u0117liu, kad sukurtum\u0117te \u0161aun\u0173 auk\u0161to\u2013\u017eemo kontrast\u0105. Prid\u0117kite prie smulkaus ka\u0161myro &hellip;<\/p>\n","protected":false},"featured_media":6207,"template":"","meta":{"_crdt_document":"","jetpack_publicize_message":"","jetpack_publicize_feature_enabled":true,"jetpack_social_post_already_shared":true,"jetpack_social_options":{"image_generator_settings":{"template":"highway","default_image_id":0,"font":"","enabled":false},"version":2},"_wpas_customize_per_network":false},"product_brand":[],"product_cat":[1530],"product_tag":[],"class_list":{"0":"post-6205","1":"product","2":"type-product","3":"status-publish","4":"has-post-thumbnail","6":"product_cat-accents","7":"pa_color-black-white","8":"pa_size-os","10":"first","11":"instock","12":"shipping-taxable","13":"purchasable","14":"product-type-simple"},"exclude_global_add_ons":[],"addons":[],"jetpack_publicize_connections":[],"jetpack_sharing_enabled":true,"jetpack_likes_enabled":true,"_links":{"self":[{"href":"https:\/\/santoshunto.com\/lt\/wp-json\/wp\/v2\/product\/6205","targetHints":{"allow":["GET"]}}],"collection":[{"href":"https:\/\/santoshunto.com\/lt\/wp-json\/wp\/v2\/product"}],"about":[{"href":"https:\/\/santoshunto.com\/lt\/wp-json\/wp\/v2\/types\/product"}],"wp:featuredmedia":[{"embeddable":true,"href":"https:\/\/santoshunto.com\/lt\/wp-json\/wp\/v2\/media\/6207"}],"wp:attachment":[{"href":"https:\/\/santoshunto.com\/lt\/wp-json\/wp\/v2\/media?parent=6205"}],"wp:term":[{"taxonomy":"product_brand","embeddable":true,"href":"https:\/\/santoshunto.com\/lt\/wp-json\/wp\/v2\/product_brand?post=6205"},{"taxonomy":"product_cat","embeddable":true,"href":"https:\/\/santoshunto.com\/lt\/wp-json\/wp\/v2\/product_cat?post=6205"},{"taxonomy":"product_tag","embeddable":true,"href":"https:\/\/santoshunto.com\/lt\/wp-json\/wp\/v2\/product_tag?post=6205"}],"curies":[{"name":"wp","href":"https:\/\/api.w.org\/{rel}","templated":true}]}}