{"id":6176,"date":"2025-09-20T15:16:00","date_gmt":"2025-09-20T12:16:00","guid":{"rendered":"https:\/\/santoshunto.com\/product\/be-rankoviu-surisama-suknele-juoda\/"},"modified":"2025-10-10T20:59:37","modified_gmt":"2025-10-10T17:59:37","slug":"be-rankoviu-surisama-suknele-juoda","status":"publish","type":"product","link":"https:\/\/santoshunto.com\/lt\/produktas\/be-rankoviu-surisama-suknele-juoda\/","title":{"rendered":"U\u017eri\u0161ama suknel\u0117 be rankovi\u0173 (juoda)"},"content":{"rendered":"<div style=\"font-family: 'Helvetica Neue', Arial, sans-serif; color:#111; line-height:1.65; letter-spacing:.2px;\">\n<div style=\"border-top:1px solid #e8e8e8; padding-top:18px; margin-bottom:18px;\">\n<p style=\"margin:0 0 10px; font-size:15px; text-transform:uppercase; letter-spacing:.12em; color:#666;\">\n Produkto istorija\n    <\/p>\n<p style=\"margin:0; font-size:18px;\">\n \u0160i suknel\u0117 puikiai priglunda prie fig\u016bros, o asimetri\u0161ki \u012fvairaus ilgio kra\u0161tai suteikia i\u0161skirtin\u012f akcent\u0105.\n    <\/p>\n<\/p><\/div>\n<div style=\"display:block; margin:22px 0;\">\n<div style=\"margin-bottom:10px; font-size:15px; text-transform:uppercase; letter-spacing:.12em; color:#666;\">\n D\u0117v\u0117jimo b\u016bdai\n    <\/div>\n<ol style=\"margin:0; padding-left:18px;\">\n<li style=\"margin:6px 0;\">\n Apsiaukite j\u0105 skirtingomis pus\u0117mis, kas pakeis j\u016bs\u0173 \u012fvaizd\u012f.\n      <\/li>\n<li style=\"margin:6px 0;\">\n D\u0117v\u0117kite kaip stiling\u0105 ilg\u0105 liemen\u0119-kap\u0105.\n      <\/li>\n<\/ol><\/div>\n<div style=\"margin:22px 0;\">\n<div style=\"margin-bottom:10px; font-size:15px; text-transform:uppercase; letter-spacing:.12em; color:#666;\">\n Stiliavimas\n    <\/div>\n<p style=\"margin:0;\">\n Suknel\u0117 lengvai derinama su daugeliu m\u016bs\u0173 prek\u0117s \u017eenklo gamini\u0173: palaidin\u0117mis, mar\u0161kiniais, keln\u0117mis.\n    <\/p>\n<\/p><\/div>\n<p style=\"margin:20px 0 0; font-size:18px; color:#111;\">\n \u012eeina tonas \u012f ton\u0105 juosta-dir\u017eas\n  <\/p>\n<div style=\"background:#f7f7f7; padding:14px 16px; border-radius:10px; margin-top:18px;\">\n<div style=\"font-size:13px; text-transform:uppercase; letter-spacing:.12em; color:#666; margin-bottom:6px;\">\n Sud\u0117tis\n    <\/div>\n<p style=\"margin:0;\">Viskoz\u0117 80%, poliesteris 20%.<\/p>\n<\/p><\/div>\n<\/div>\n","protected":false},"excerpt":{"rendered":"<p>Produkto istorija \u0160i suknel\u0117 puikiai priglunda prie fig\u016bros, o asimetri\u0161ki \u012fvairaus ilgio kra\u0161tai suteikia i\u0161skirtin\u012f akcent\u0105. D\u0117v\u0117jimo b\u016bdai Apsiaukite j\u0105 skirtingomis pus\u0117mis, kas pakeis j\u016bs\u0173 \u012fvaizd\u012f. D\u0117v\u0117kite kaip stiling\u0105 ilg\u0105 liemen\u0119-kap\u0105. Stiliavimas Suknel\u0117 lengvai derinama su daugeliu m\u016bs\u0173 prek\u0117s \u017eenklo gamini\u0173: palaidin\u0117mis, mar\u0161kiniais, keln\u0117mis. \u012eeina tonas \u012f ton\u0105 juosta-dir\u017eas Sud\u0117tis Viskoz\u0117 80%, poliesteris 20%.<\/p>\n","protected":false},"featured_media":6183,"template":"","meta":{"_crdt_document":"","jetpack_publicize_message":"","jetpack_publicize_feature_enabled":true,"jetpack_social_post_already_shared":true,"jetpack_social_options":{"image_generator_settings":{"template":"highway","default_image_id":0,"font":"","enabled":false},"version":2},"_wpas_customize_per_network":false},"product_brand":[],"product_cat":[1532],"product_tag":[],"class_list":{"0":"post-6176","1":"product","2":"type-product","3":"status-publish","4":"has-post-thumbnail","6":"product_cat-dresses","7":"pa_color-juoda","8":"pa_size-os-l","9":"pa_size-os-s","11":"first","12":"instock","13":"shipping-taxable","14":"purchasable","15":"product-type-variable"},"exclude_global_add_ons":[],"addons":[],"jetpack_publicize_connections":[],"jetpack_sharing_enabled":true,"jetpack_likes_enabled":true,"_links":{"self":[{"href":"https:\/\/santoshunto.com\/lt\/wp-json\/wp\/v2\/product\/6176","targetHints":{"allow":["GET"]}}],"collection":[{"href":"https:\/\/santoshunto.com\/lt\/wp-json\/wp\/v2\/product"}],"about":[{"href":"https:\/\/santoshunto.com\/lt\/wp-json\/wp\/v2\/types\/product"}],"wp:featuredmedia":[{"embeddable":true,"href":"https:\/\/santoshunto.com\/lt\/wp-json\/wp\/v2\/media\/6183"}],"wp:attachment":[{"href":"https:\/\/santoshunto.com\/lt\/wp-json\/wp\/v2\/media?parent=6176"}],"wp:term":[{"taxonomy":"product_brand","embeddable":true,"href":"https:\/\/santoshunto.com\/lt\/wp-json\/wp\/v2\/product_brand?post=6176"},{"taxonomy":"product_cat","embeddable":true,"href":"https:\/\/santoshunto.com\/lt\/wp-json\/wp\/v2\/product_cat?post=6176"},{"taxonomy":"product_tag","embeddable":true,"href":"https:\/\/santoshunto.com\/lt\/wp-json\/wp\/v2\/product_tag?post=6176"}],"curies":[{"name":"wp","href":"https:\/\/api.w.org\/{rel}","templated":true}]}}