{"id":6016,"date":"2025-09-29T11:05:55","date_gmt":"2025-09-29T08:05:55","guid":{"rendered":"https:\/\/santoshunto.com\/product\/dvisluoksnis-maksi-sijonas-juodos-smulkios-juosteles\/"},"modified":"2025-10-12T16:05:17","modified_gmt":"2025-10-12T13:05:17","slug":"dvisluoksnis-maksi-sijonas-juodos-smulkios-juosteles","status":"publish","type":"product","link":"https:\/\/santoshunto.com\/lt\/produktas\/dvisluoksnis-maksi-sijonas-juodos-smulkios-juosteles\/","title":{"rendered":"Dvisluoksnis maksi sijonas (juodos su kostiuminiais dry\u017eeliais)"},"content":{"rendered":"<div style=\"font-family: 'Helvetica Neue', Arial, sans-serif; color:#111; line-height:1.65; letter-spacing:.2px;\">\n<p>  <!-- Product Story --><\/p>\n<div style=\"border-top:1px solid #e8e8e8; padding-top:18px; margin-bottom:18px;\">\n<p style=\"margin:0 0 10px; font-size:15px; text-transform:uppercase; letter-spacing:.12em; color:#666;\">\n Produkto istorija\n    <\/p>\n<p style=\"margin:0; font-size:18px;\">\n \u0160io maksi sijono dvisluoksn\u0117 konstrukcija kuria netik\u0117t\u0105, asimetri\u0161k\u0105 siluet\u0105.<br \/>\n \u0160\u012f sezon\u0105 J\u016bs\u0173 m\u0117gstamas sijonas \u012fgauna klasikin\u012f dry\u017euot\u0105 ra\u0161t\u0105. Tai nesenstantis motyvas, kuris atrodo ir eleganti\u0161kai, ir rafinuotai, ta\u010diau nepraranda aktualumo. Daugeliui tokia sant\u016bri klasika net yra aprangos kodo dalis \u2014 tad kod\u0117l neprid\u0117jus kasdienai \u0161lakelio originalumo?<br \/>\n Dvisluoksnis smulkiomis juostel\u0117mis margintas sijonas \u2014 kaip tik tai.\n    <\/p>\n<\/p><\/div>\n<p>  <!-- Ways to wear --><\/p>\n<div style=\"margin:22px 0;\">\n<div style=\"margin-bottom:10px; font-size:15px; text-transform:uppercase; letter-spacing:.12em; color:#666;\">\n D\u0117v\u0117jimo b\u016bdai\n    <\/div>\n<ol style=\"margin:0; padding-left:18px; font-size:18px;\">\n<li style=\"margin:6px 0;\">\n Derinkite su tvarkiniais mar\u0161kiniais ir \u0161varku i\u0161skirtiniam biuro \u012fvaizd\u017eiui.\n      <\/li>\n<li style=\"margin:6px 0;\">\n M\u016bv\u0117kite su romanti\u0161ka palaidine, kad pabr\u0117\u017etum\u0117te jo apimties siluet\u0105.\n      <\/li>\n<li style=\"margin:6px 0;\">\n Kombinuokite su minimalistiniais mezginiais sant\u016briai kasdienei elegancijai.\n      <\/li>\n<\/ol><\/div>\n<p>  <!-- Styling --><\/p>\n<div style=\"margin:22px 0;\">\n<div style=\"margin-bottom:10px; font-size:15px; text-transform:uppercase; letter-spacing:.12em; color:#666;\">\n Stiliavimas\n    <\/div>\n<p style=\"margin:0; font-size:18px;\">\n \u0160is subtilus juosteli\u0173 ra\u0161tas niekada nei\u0161eina i\u0161 mados ir suteikia sijonui unikal\u0173 \u017eaves\u012f.<br \/>\n Tai idealus biuro garderobo drabu\u017eis, kur\u012f lengva derinti su \u012fvairiais turimais r\u016bbais ir atspalviais.<br \/>\n Eleganti\u0161kas, universalus ir sant\u016briai originalus \u2014 tikra \u0161iuolaikin\u0117 klasika.\n    <\/p>\n<\/p><\/div>\n<p>  <!-- Composition --><\/p>\n<div style=\"background:#f7f7f7; padding:14px 16px; border-radius:10px; margin-top:18px;\">\n<div style=\"font-size:13px; text-transform:uppercase; letter-spacing:.12em; color:#666; margin-bottom:6px;\">\n Sud\u0117tis\n    <\/div>\n<p style=\"margin:0;\">Viskoz\u0117 80%, poliesteris 20%.<\/p>\n<\/p><\/div>\n<\/div>\n","protected":false},"excerpt":{"rendered":"<p>Produkto istorija \u0160io maksi sijono dvisluoksn\u0117 konstrukcija kuria netik\u0117t\u0105, asimetri\u0161k\u0105 siluet\u0105. \u0160\u012f sezon\u0105 J\u016bs\u0173 m\u0117gstamas sijonas \u012fgauna klasikin\u012f dry\u017euot\u0105 ra\u0161t\u0105. Tai nesenstantis motyvas, kuris atrodo ir eleganti\u0161kai, ir rafinuotai, ta\u010diau nepraranda aktualumo. Daugeliui tokia sant\u016bri klasika net yra aprangos kodo dalis \u2014 tad kod\u0117l neprid\u0117jus kasdienai \u0161lakelio originalumo? Dvisluoksnis smulkiomis juostel\u0117mis margintas sijonas \u2014 kaip &hellip;<\/p>\n","protected":false},"featured_media":6017,"template":"","meta":{"_crdt_document":"","jetpack_publicize_message":"","jetpack_publicize_feature_enabled":true,"jetpack_social_post_already_shared":true,"jetpack_social_options":{"image_generator_settings":{"template":"highway","default_image_id":0,"font":"","enabled":false},"version":2},"_wpas_customize_per_network":false},"product_brand":[],"product_cat":[1429],"product_tag":[],"class_list":{"0":"post-6016","1":"product","2":"type-product","3":"status-publish","4":"has-post-thumbnail","6":"product_cat-trousers_skirts","7":"pa_color-1486","8":"pa_size-l","9":"pa_size-m","10":"pa_size-s","11":"pa_size-xl","13":"first","14":"instock","15":"shipping-taxable","16":"purchasable","17":"product-type-variable"},"exclude_global_add_ons":[],"addons":[],"jetpack_publicize_connections":[],"jetpack_sharing_enabled":true,"jetpack_likes_enabled":true,"_links":{"self":[{"href":"https:\/\/santoshunto.com\/lt\/wp-json\/wp\/v2\/product\/6016","targetHints":{"allow":["GET"]}}],"collection":[{"href":"https:\/\/santoshunto.com\/lt\/wp-json\/wp\/v2\/product"}],"about":[{"href":"https:\/\/santoshunto.com\/lt\/wp-json\/wp\/v2\/types\/product"}],"wp:featuredmedia":[{"embeddable":true,"href":"https:\/\/santoshunto.com\/lt\/wp-json\/wp\/v2\/media\/6017"}],"wp:attachment":[{"href":"https:\/\/santoshunto.com\/lt\/wp-json\/wp\/v2\/media?parent=6016"}],"wp:term":[{"taxonomy":"product_brand","embeddable":true,"href":"https:\/\/santoshunto.com\/lt\/wp-json\/wp\/v2\/product_brand?post=6016"},{"taxonomy":"product_cat","embeddable":true,"href":"https:\/\/santoshunto.com\/lt\/wp-json\/wp\/v2\/product_cat?post=6016"},{"taxonomy":"product_tag","embeddable":true,"href":"https:\/\/santoshunto.com\/lt\/wp-json\/wp\/v2\/product_tag?post=6016"}],"curies":[{"name":"wp","href":"https:\/\/api.w.org\/{rel}","templated":true}]}}