{"id":6366,"date":"2025-10-13T15:32:18","date_gmt":"2025-10-13T12:32:18","guid":{"rendered":"https:\/\/santoshunto.com\/santo-shunto-pranasyste\/"},"modified":"2025-10-14T16:43:01","modified_gmt":"2025-10-14T13:43:01","slug":"santo-shunto-pranasyste","status":"publish","type":"page","link":"https:\/\/santoshunto.com\/lt\/santo-shunto-pranasyste\/","title":{"rendered":"Santo Shunto Orakulas\ud83e\ude84"},"content":{"rendered":"\t\t<div data-elementor-type=\"wp-page\" data-elementor-id=\"6366\" class=\"elementor elementor-6366 elementor-6304\" data-elementor-post-type=\"page\">\n\t\t\t\t<div class=\"elementor-element elementor-element-d0846a5 e-con-full e-flex e-con e-parent\" data-id=\"d0846a5\" data-element_type=\"container\" data-e-type=\"container\">\n\t\t\t\t<div class=\"elementor-element elementor-element-4675f5a elementor-widget elementor-widget-shortcode\" data-id=\"4675f5a\" data-element_type=\"widget\" data-e-type=\"widget\" data-widget_type=\"shortcode.default\">\n\t\t\t\t<div class=\"elementor-widget-container\">\n\t\t\t\t\t\t\t<div class=\"elementor-shortcode\">    <section class=\"sf-wrap sf-fullbleed sf-tight\" data-lang=\"lt\" style=\"--sf-thumb-ratio: 4\/5; --sf-thumb-pct: 125%;\">\n      <div class=\"sf-paper\">\n        <div class=\"sf-hero\">\n          <h1 class=\"sf-title\"><span class=\"sf-title-line\">Santo Shunto Orakulas<\/span><\/h1>\n          <p class=\"sf-sub\">Atverk likimo puslap\u012f: paspausk mygtuk\u0105, gauk prana\u0161yst\u0119 ir \u017eenk \u012f dien\u0105 stilingai.<\/p>\n          <div class=\"sf-cta\">\n            <button class=\"sf-btn sf-btn-wood\" id=\"sf-main-btn\" type=\"button\"><span class=\"sf-btn-text\">Atskleisk mano prana\u0161yst\u0119 \u2728<\/span><\/button>\n          <\/div>\n          <div class=\"sf-hero-art\" aria-hidden=\"true\"><\/div>\n        <\/div>\n        <div class=\"sf-result\" hidden>\n          <div class=\"sf-fortune\" id=\"sf-fortune-anchor\"><\/div>\n          <div class=\"sf-connector\"><\/div>\n          <div class=\"sf-products-grid\"><\/div>\n        <\/div>\n        <div class=\"sf-footnote\">Tai \u017eaisminga \u012fkv\u0117pimo funkcija \u2014 pasiimk tai, kas skamba \ud83d\udcab<\/div>\n      <\/div>\n    <\/section>\n    <\/div>\n\t\t\t\t\t\t<\/div>\n\t\t\t\t<\/div>\n\t\t\t\t<\/div>\n\t\t\t\t<\/div>\n\t\t","protected":false},"excerpt":{"rendered":"","protected":false},"author":257094927,"featured_media":0,"parent":0,"menu_order":0,"comment_status":"closed","ping_status":"closed","template":"","meta":{"_crdt_document":"","footnotes":""},"class_list":["post-6366","page","type-page","status-publish","hentry"],"jetpack_sharing_enabled":true,"jetpack_likes_enabled":true,"jetpack_shortlink":"https:\/\/wp.me\/PgquO3-1EG","_links":{"self":[{"href":"https:\/\/santoshunto.com\/lt\/wp-json\/wp\/v2\/pages\/6366","targetHints":{"allow":["GET"]}}],"collection":[{"href":"https:\/\/santoshunto.com\/lt\/wp-json\/wp\/v2\/pages"}],"about":[{"href":"https:\/\/santoshunto.com\/lt\/wp-json\/wp\/v2\/types\/page"}],"author":[{"embeddable":true,"href":"https:\/\/santoshunto.com\/lt\/wp-json\/wp\/v2\/users\/257094927"}],"replies":[{"embeddable":true,"href":"https:\/\/santoshunto.com\/lt\/wp-json\/wp\/v2\/comments?post=6366"}],"version-history":[{"count":12,"href":"https:\/\/santoshunto.com\/lt\/wp-json\/wp\/v2\/pages\/6366\/revisions"}],"predecessor-version":[{"id":6490,"href":"https:\/\/santoshunto.com\/lt\/wp-json\/wp\/v2\/pages\/6366\/revisions\/6490"}],"wp:attachment":[{"href":"https:\/\/santoshunto.com\/lt\/wp-json\/wp\/v2\/media?parent=6366"}],"curies":[{"name":"wp","href":"https:\/\/api.w.org\/{rel}","templated":true}]}}